{"id":15,"date":"2025-02-14T09:11:25","date_gmt":"2025-02-14T09:11:25","guid":{"rendered":"https:\/\/djerdapskarivijera.rs\/?page_id=15"},"modified":"2026-03-12T09:03:43","modified_gmt":"2026-03-12T09:03:43","slug":"pocetna","status":"publish","type":"page","link":"https:\/\/djerdapskarivijera.rs\/","title":{"rendered":"Po\u010detna"},"content":{"rendered":"<p>[et_pb_section fb_built=&#8221;1&#8243; custom_padding_last_edited=&#8221;off|phone&#8221; admin_label=&#8221;Header&#8221; _builder_version=&#8221;4.27.4&#8243; use_background_color_gradient=&#8221;on&#8221; background_color_gradient_stops=&#8221;rgba(0,0,0,0.5) 0%|#000000 100%&#8221; background_color_gradient_start=&#8221;rgba(0,0,0,0.5)&#8221; background_color_gradient_end=&#8221;#000000&#8243; background_image=&#8221;https:\/\/djerdapskarivijera.rs\/wp-content\/uploads\/2025\/02\/Djerdapska-rivijera-homepage-top-bckg.jpg&#8221; custom_padding=&#8221;3vw||0vw||false|false&#8221; locked=&#8221;off&#8221; global_colors_info=&#8221;{}&#8221;][et_pb_row _builder_version=&#8221;4.16&#8243; custom_padding=&#8221;656px|||||&#8221; global_module=&#8221;119&#8243; global_colors_info=&#8221;{}&#8221;][et_pb_column type=&#8221;4_4&#8243; _builder_version=&#8221;4.16&#8243; global_colors_info=&#8221;{}&#8221;][et_pb_button button_url=&#8221;https:\/\/djerdapskarivijera.rs\/wp-content\/uploads\/2026\/02\/Djerdapska-rivijera-Destination-Book-2026.pdf&#8221; url_new_window=&#8221;on&#8221; button_text=&#8221;Istra\u017eite \u0110erdapsku Rivijeru &#8221; button_alignment=&#8221;center&#8221; _builder_version=&#8221;4.27.4&#8243; custom_button=&#8221;on&#8221; button_text_size=&#8221;9px&#8221; button_text_color=&#8221;#ffffff&#8221; button_bg_color=&#8221;#6e42ff&#8221; button_border_width=&#8221;0px&#8221; button_letter_spacing=&#8221;2px&#8221; button_font=&#8221;Montserrat|600||on|||||&#8221; button_icon=&#8221;&#xf1c1;||fa||400&#8243; button_icon_color=&#8221;#FFFFFF&#8221; button_on_hover=&#8221;off&#8221; custom_margin=&#8221;||||false|false&#8221; custom_padding=&#8221;15px|38px|15px|38px|true|false&#8221; locked=&#8221;off&#8221; global_colors_info=&#8221;{}&#8221; button_bg_color__hover=&#8221;#ffffff&#8221; button_bg_color__hover_enabled=&#8221;on|hover&#8221; button_bg_enable_color__hover=&#8221;on&#8221; button_text_color__hover_enabled=&#8221;on|hover&#8221; button_text_color__hover=&#8221;#6e42ff&#8221;][\/et_pb_button][\/et_pb_column][\/et_pb_row][\/et_pb_section][et_pb_section fb_built=&#8221;1&#8243; _builder_version=&#8221;4.27.4&#8243; background_color=&#8221;rgba(255,255,255,0.74)&#8221; background_image=&#8221;https:\/\/djerdapskarivijera.rs\/wp-content\/uploads\/2025\/02\/DSCF2791-scaled.jpg&#8221; parallax=&#8221;on&#8221; custom_padding=&#8221;||200px|||&#8221; global_colors_info=&#8221;{}&#8221;][et_pb_row column_structure=&#8221;1_3,1_3,1_3&#8243; use_custom_gutter=&#8221;on&#8221; gutter_width=&#8221;2&#8243; _builder_version=&#8221;4.16&#8243; width_tablet=&#8221;80%&#8221; width_last_edited=&#8221;off|tablet&#8221; max_width=&#8221;none&#8221; custom_padding=&#8221;||62px|||&#8221; locked=&#8221;off&#8221; global_colors_info=&#8221;{}&#8221;][et_pb_column type=&#8221;1_3&#8243; _builder_version=&#8221;4.16&#8243; global_colors_info=&#8221;{}&#8221;][et_pb_image src=&#8221;https:\/\/djerdapskarivijera.rs\/wp-content\/uploads\/2025\/02\/Hotel-Aquastar-Danube-dron-1.jpg&#8221; alt=&#8221;Hotel Aquastar Danube Kladovo&#8221; title_text=&#8221;Hotel Aquastar Danube Kladovo&#8221; url=&#8221;https:\/\/www.hotelkladovo.rs\/&#8221; url_new_window=&#8221;on&#8221; _builder_version=&#8221;4.27.4&#8243; animation_style=&#8221;slide&#8221; border_width_all=&#8221;5px&#8221; border_color_all=&#8221;#FFFFFF&#8221; box_shadow_style=&#8221;preset2&#8243; box_shadow_blur=&#8221;13px&#8221; locked=&#8221;off&#8221; global_colors_info=&#8221;{}&#8221;][\/et_pb_image][et_pb_text _builder_version=&#8221;4.27.4&#8243; text_text_color=&#8221;rgba(255,255,255,0.7)&#8221; text_font_size=&#8221;13px&#8221; header_3_font=&#8221;Montserrat|600|||||||&#8221; header_3_font_size=&#8221;18px&#8221; background_color=&#8221;rgba(44,104,178,0.68)&#8221; background_layout=&#8221;dark&#8221; custom_margin=&#8221;0px||||false|false&#8221; custom_padding=&#8221;10px||||false|false&#8221; link_option_url=&#8221;https:\/\/www.hotelkladovo.rs\/&#8221; link_option_url_new_window=&#8221;on&#8221; global_colors_info=&#8221;{}&#8221;]<\/p>\n<h3 style=\"text-align: center;\">Hotel Aquastar Danube Kladovo<\/h3>\n<p>[\/et_pb_text][et_pb_button button_url=&#8221;https:\/\/www.hotelkladovo.rs\/&#8221; url_new_window=&#8221;on&#8221; button_text=&#8221;Pogledaj ponude hotela aquastar danube!&#8221; button_alignment=&#8221;center&#8221; _builder_version=&#8221;4.27.4&#8243; custom_button=&#8221;on&#8221; button_text_size=&#8221;11px&#8221; button_text_color=&#8221;#ffffff&#8221; button_bg_color=&#8221;#E02B20&#8243; button_border_width=&#8221;1px&#8221; button_border_color=&#8221;#f9002b&#8221; button_letter_spacing=&#8221;2px&#8221; button_font=&#8221;Montserrat|600||on|||||&#8221; button_use_icon=&#8221;off&#8221; custom_margin=&#8221;||||false|false&#8221; custom_padding=&#8221;6px|18px|6px|18px|true|true&#8221; locked=&#8221;off&#8221; global_colors_info=&#8221;{}&#8221; button_bg_color__hover=&#8221;#6e42ff&#8221; button_bg_color__hover_enabled=&#8221;on|hover&#8221; button_bg_enable_color__hover=&#8221;on&#8221; button_text_color__hover_enabled=&#8221;on|desktop&#8221; button_text_color__hover=&#8221;#ffffff&#8221; button_border_color__hover_enabled=&#8221;on|hover&#8221; button_border_color__hover=&#8221;rgba(0,0,0,0)&#8221;][\/et_pb_button][\/et_pb_column][et_pb_column type=&#8221;1_3&#8243; _builder_version=&#8221;4.16&#8243; global_colors_info=&#8221;{}&#8221;][\/et_pb_column][et_pb_column type=&#8221;1_3&#8243; _builder_version=&#8221;4.16&#8243; global_colors_info=&#8221;{}&#8221;][et_pb_image src=&#8221;https:\/\/djerdapskarivijera.rs\/wp-content\/uploads\/2025\/02\/brod-Aquastar-Maxim-krstarenje-Dunavom.jpg&#8221; alt=&#8221;brod Aquastar Maxim krstarenje Dunavom&#8221; title_text=&#8221;brod Aquastar Maxim krstarenje Dunavom&#8221; url=&#8221;http:\/\/www.krstarenjedunavom.rs\/&#8221; url_new_window=&#8221;on&#8221; _builder_version=&#8221;4.27.4&#8243; animation_style=&#8221;slide&#8221; border_width_all=&#8221;5px&#8221; border_color_all=&#8221;#FFFFFF&#8221; box_shadow_style=&#8221;preset2&#8243; box_shadow_blur=&#8221;13px&#8221; locked=&#8221;off&#8221; global_colors_info=&#8221;{}&#8221;][\/et_pb_image][et_pb_text _builder_version=&#8221;4.27.4&#8243; text_text_color=&#8221;rgba(255,255,255,0.7)&#8221; text_font_size=&#8221;13px&#8221; header_3_font=&#8221;Montserrat|600|||||||&#8221; header_3_font_size=&#8221;18px&#8221; background_color=&#8221;RGBA(44,104,178,0.68)&#8221; background_layout=&#8221;dark&#8221; custom_padding=&#8221;10px||||false|false&#8221; link_option_url=&#8221;http:\/\/www.krstarenjedunavom.rs\/&#8221; link_option_url_new_window=&#8221;on&#8221; locked=&#8221;off&#8221; global_colors_info=&#8221;{}&#8221;]<\/p>\n<h3 style=\"text-align: center;\">Krstarenje Dunavom<\/h3>\n<p>[\/et_pb_text][et_pb_button button_url=&#8221;http:\/\/www.krstarenjedunavom.rs\/&#8221; url_new_window=&#8221;on&#8221; button_text=&#8221;Pogledaj ponude za krstarenje Dunavom!&#8221; button_alignment=&#8221;center&#8221; _builder_version=&#8221;4.27.4&#8243; custom_button=&#8221;on&#8221; button_text_size=&#8221;11px&#8221; button_text_color=&#8221;#ffffff&#8221; button_bg_color=&#8221;#E02B20&#8243; button_border_width=&#8221;1px&#8221; button_border_color=&#8221;#f9002b&#8221; button_letter_spacing=&#8221;2px&#8221; button_font=&#8221;Montserrat|600||on|||||&#8221; button_use_icon=&#8221;off&#8221; custom_margin=&#8221;||||false|false&#8221; custom_padding=&#8221;6px|18px|6px|18px|true|true&#8221; locked=&#8221;off&#8221; global_colors_info=&#8221;{}&#8221; button_bg_color__hover=&#8221;#6e42ff&#8221; button_bg_color__hover_enabled=&#8221;on|hover&#8221; button_bg_enable_color__hover=&#8221;on&#8221; button_text_color__hover_enabled=&#8221;on|desktop&#8221; button_text_color__hover=&#8221;#ffffff&#8221; button_border_color__hover_enabled=&#8221;on|hover&#8221; button_border_color__hover=&#8221;rgba(0,0,0,0)&#8221;][\/et_pb_button][\/et_pb_column][\/et_pb_row][et_pb_row column_structure=&#8221;1_3,1_3,1_3&#8243; use_custom_gutter=&#8221;on&#8221; gutter_width=&#8221;2&#8243; _builder_version=&#8221;4.16&#8243; width_tablet=&#8221;80%&#8221; width_last_edited=&#8221;off|tablet&#8221; max_width=&#8221;none&#8221; custom_padding=&#8221;46px|||||&#8221; locked=&#8221;off&#8221; global_colors_info=&#8221;{}&#8221;][et_pb_column type=&#8221;1_3&#8243; _builder_version=&#8221;4.16&#8243; global_colors_info=&#8221;{}&#8221;][et_pb_image src=&#8221;https:\/\/djerdapskarivijera.rs\/wp-content\/uploads\/2025\/02\/hotel-Aquamarine-render-spolja.jpg&#8221; alt=&#8221;Hotel Aquamarine Golubac&#8221; title_text=&#8221;Hotel Aquamarine Golubac&#8221; _builder_version=&#8221;4.27.4&#8243; animation_style=&#8221;slide&#8221; animation_direction=&#8221;left&#8221; border_width_all=&#8221;5px&#8221; border_color_all=&#8221;#FFFFFF&#8221; box_shadow_style=&#8221;preset2&#8243; box_shadow_blur=&#8221;13px&#8221; locked=&#8221;off&#8221; global_colors_info=&#8221;{}&#8221;][\/et_pb_image][et_pb_text _builder_version=&#8221;4.27.4&#8243; text_text_color=&#8221;rgba(255,255,255,0.7)&#8221; text_font_size=&#8221;13px&#8221; header_3_font=&#8221;Montserrat|600|||||||&#8221; header_3_font_size=&#8221;18px&#8221; background_color=&#8221;RGBA(44,104,178,0.68)&#8221; background_layout=&#8221;dark&#8221; custom_padding=&#8221;10px||||false|false&#8221; global_colors_info=&#8221;{}&#8221;]<\/p>\n<h3 style=\"text-align: center;\">Hotel Aquamarine Golubac<\/h3>\n<p>[\/et_pb_text][et_pb_button button_url=&#8221;#&#8221; button_text=&#8221;Otvaranje hotela 2027.&#8221; button_alignment=&#8221;center&#8221; _builder_version=&#8221;4.27.4&#8243; custom_button=&#8221;on&#8221; button_text_size=&#8221;11px&#8221; button_text_color=&#8221;#ffffff&#8221; button_bg_color=&#8221;#E02B20&#8243; button_border_width=&#8221;1px&#8221; button_border_color=&#8221;#f9002b&#8221; button_letter_spacing=&#8221;2px&#8221; button_font=&#8221;Montserrat|600||on|||||&#8221; button_use_icon=&#8221;off&#8221; custom_margin=&#8221;||||false|false&#8221; custom_padding=&#8221;6px|18px|6px|18px|true|true&#8221; locked=&#8221;off&#8221; global_colors_info=&#8221;{}&#8221; button_bg_color__hover=&#8221;#6e42ff&#8221; button_bg_color__hover_enabled=&#8221;on|hover&#8221; button_bg_enable_color__hover=&#8221;on&#8221; button_text_color__hover_enabled=&#8221;on|desktop&#8221; button_text_color__hover=&#8221;#ffffff&#8221; button_border_color__hover_enabled=&#8221;on|hover&#8221; button_border_color__hover=&#8221;rgba(0,0,0,0)&#8221;][\/et_pb_button][\/et_pb_column][et_pb_column type=&#8221;1_3&#8243; _builder_version=&#8221;4.16&#8243; global_colors_info=&#8221;{}&#8221;][\/et_pb_column][et_pb_column type=&#8221;1_3&#8243; _builder_version=&#8221;4.16&#8243; global_colors_info=&#8221;{}&#8221;][et_pb_image src=&#8221;https:\/\/djerdapskarivijera.rs\/wp-content\/uploads\/2025\/02\/visitkladovo-panorama.jpg&#8221; alt=&#8221;Visit Kladovo&#8221; title_text=&#8221;visitkladovo panorama&#8221; url=&#8221;https:\/\/visitkladovo.rs\/&#8221; url_new_window=&#8221;on&#8221; _builder_version=&#8221;4.27.4&#8243; animation_style=&#8221;slide&#8221; animation_direction=&#8221;right&#8221; border_width_all=&#8221;5px&#8221; border_color_all=&#8221;#FFFFFF&#8221; box_shadow_style=&#8221;preset2&#8243; box_shadow_blur=&#8221;13px&#8221; locked=&#8221;off&#8221; global_colors_info=&#8221;{}&#8221;][\/et_pb_image][et_pb_text _builder_version=&#8221;4.27.4&#8243; text_text_color=&#8221;rgba(255,255,255,0.7)&#8221; text_font_size=&#8221;13px&#8221; header_3_font=&#8221;Montserrat|600|||||||&#8221; header_3_font_size=&#8221;18px&#8221; background_color=&#8221;RGBA(44,104,178,0.68)&#8221; background_layout=&#8221;dark&#8221; custom_padding=&#8221;10px||||false|false&#8221; link_option_url=&#8221;https:\/\/visitkladovo.rs\/&#8221; link_option_url_new_window=&#8221;on&#8221; locked=&#8221;off&#8221; global_colors_info=&#8221;{}&#8221;]<\/p>\n<h3 style=\"text-align: center;\">Istra\u017eite Kladovo i okolinu<\/h3>\n<p>[\/et_pb_text][et_pb_button button_url=&#8221;https:\/\/visitkladovo.rs\/&#8221; url_new_window=&#8221;on&#8221; button_text=&#8221;Visit Kladovo!&#8221; button_alignment=&#8221;center&#8221; _builder_version=&#8221;4.27.4&#8243; custom_button=&#8221;on&#8221; button_text_size=&#8221;11px&#8221; button_text_color=&#8221;#ffffff&#8221; button_bg_color=&#8221;#E02B20&#8243; button_border_width=&#8221;1px&#8221; button_border_color=&#8221;#f9002b&#8221; button_letter_spacing=&#8221;2px&#8221; button_font=&#8221;Montserrat|600||on|||||&#8221; button_use_icon=&#8221;off&#8221; custom_margin=&#8221;||||false|false&#8221; custom_padding=&#8221;6px|18px|6px|18px|true|true&#8221; locked=&#8221;off&#8221; global_colors_info=&#8221;{}&#8221; button_bg_color__hover=&#8221;#6e42ff&#8221; button_bg_color__hover_enabled=&#8221;on|hover&#8221; button_bg_enable_color__hover=&#8221;on&#8221; button_text_color__hover_enabled=&#8221;on|desktop&#8221; button_text_color__hover=&#8221;#ffffff&#8221; button_border_color__hover_enabled=&#8221;on|hover&#8221; button_border_color__hover=&#8221;rgba(0,0,0,0)&#8221;][\/et_pb_button][\/et_pb_column][\/et_pb_row][et_pb_row column_structure=&#8221;1_3,1_3,1_3&#8243; use_custom_gutter=&#8221;on&#8221; gutter_width=&#8221;2&#8243; _builder_version=&#8221;4.16&#8243; width_tablet=&#8221;80%&#8221; width_last_edited=&#8221;off|tablet&#8221; max_width=&#8221;none&#8221; locked=&#8221;off&#8221; global_colors_info=&#8221;{}&#8221;][et_pb_column type=&#8221;1_3&#8243; _builder_version=&#8221;4.16&#8243; global_colors_info=&#8221;{}&#8221;][\/et_pb_column][et_pb_column type=&#8221;1_3&#8243; _builder_version=&#8221;4.16&#8243; global_colors_info=&#8221;{}&#8221;][\/et_pb_column][et_pb_column type=&#8221;1_3&#8243; _builder_version=&#8221;4.16&#8243; global_colors_info=&#8221;{}&#8221;][\/et_pb_column][\/et_pb_row][\/et_pb_section][et_pb_section fb_built=&#8221;1&#8243; admin_label=&#8221;Footer&#8221; _builder_version=&#8221;4.27.4&#8243; use_background_color_gradient=&#8221;on&#8221; background_color_gradient_stops=&#8221;#000000 0%|rgba(0,0,0,0) 42%&#8221; background_color_gradient_overlays_image=&#8221;on&#8221; background_color_gradient_start=&#8221;#000000&#8243; background_color_gradient_end=&#8221;rgba(0,0,0,0)&#8221; background_color_gradient_end_position=&#8221;50%&#8221; background_image=&#8221;https:\/\/djerdapskarivijera.rs\/wp-content\/uploads\/2025\/02\/djerdapska-rivijera-footer.jpg&#8221; custom_padding=&#8221;100px||81px|||&#8221; locked=&#8221;off&#8221; global_colors_info=&#8221;{}&#8221;][et_pb_row column_structure=&#8221;1_4,1_4,1_4,1_4&#8243; make_equal=&#8221;on&#8221; _builder_version=&#8221;4.27.4&#8243; background_color=&#8221;rgba(2,2,2,0.62)&#8221; custom_padding=&#8221;0px||0px|||&#8221; locked=&#8221;off&#8221; global_colors_info=&#8221;{}&#8221;][et_pb_column type=&#8221;1_4&#8243; _builder_version=&#8221;4.16&#8243; global_colors_info=&#8221;{}&#8221;][et_pb_image src=&#8221;https:\/\/djerdapskarivijera.rs\/wp-content\/uploads\/2025\/02\/Djerdapska-rivijera-ico.png&#8221; title_text=&#8221;Djerdapska rivijera ico&#8221; _builder_version=&#8221;4.27.4&#8243; _module_preset=&#8221;default&#8221; background_color=&#8221;#FFFFFF&#8221; global_colors_info=&#8221;{}&#8221;][\/et_pb_image][\/et_pb_column][et_pb_column type=&#8221;1_4&#8243; _builder_version=&#8221;4.16&#8243; global_colors_info=&#8221;{}&#8221;][et_pb_text _builder_version=&#8221;4.27.4&#8243; text_line_height=&#8221;1.8em&#8221; link_text_align=&#8221;left&#8221; link_text_color=&#8221;#ffffff&#8221; header_4_font=&#8221;Montserrat|700||on|||||&#8221; header_4_text_color=&#8221;rgba(255,255,255,0.5)&#8221; header_4_font_size=&#8221;14px&#8221; header_4_letter_spacing=&#8221;2px&#8221; header_4_line_height=&#8221;1.4em&#8221; background_layout=&#8221;dark&#8221; max_width=&#8221;600px&#8221; custom_margin=&#8221;5px||||false|false&#8221; custom_padding=&#8221;|7px||7px|false|true&#8221; locked=&#8221;off&#8221; global_colors_info=&#8221;{}&#8221;]<\/p>\n<h4>\u0110erdapska rivijera<\/h4>\n<p>Na prostoru izme\u0111u Golupca i Kladova prostire se oblast nestvarnih prirodnih lepota i misti\u010dnog nasle\u0111a praistorijskih civilizacija. Otkrijte skrivene dragulje ovog kraja i istra\u017eite sve tajne mesta koja jednostavno ne smete propustiti!<\/p>\n<p>[\/et_pb_text][\/et_pb_column][et_pb_column type=&#8221;1_4&#8243; _builder_version=&#8221;4.16&#8243; global_colors_info=&#8221;{}&#8221;][et_pb_text _builder_version=&#8221;4.27.4&#8243; text_line_height=&#8221;1.8em&#8221; link_text_align=&#8221;left&#8221; link_text_color=&#8221;#ffffff&#8221; header_4_font=&#8221;Montserrat|700||on|||||&#8221; header_4_text_color=&#8221;rgba(255,255,255,0.5)&#8221; header_4_font_size=&#8221;14px&#8221; header_4_letter_spacing=&#8221;2px&#8221; header_4_line_height=&#8221;1.4em&#8221; background_layout=&#8221;dark&#8221; max_width=&#8221;600px&#8221; custom_margin=&#8221;5px||5px||false|false&#8221; custom_padding=&#8221;|7px||7px|false|true&#8221; locked=&#8221;off&#8221; global_colors_info=&#8221;{}&#8221;]<\/p>\n<h4>Linkovi<\/h4>\n<p><a href=\"https:\/\/www.hotelkladovo.rs\/\" target=\"_blank\" rel=\"noopener\" title=\"Hotel Aquastar Danube Kladovo\">Hotel Aquastar Danube Kladovo<\/a><\/p>\n<p><a href=\"http:\/\/www.krstarenjedunavom.rs\/\" target=\"_blank\" rel=\"noopener\" title=\"Krstarenje Dunavom\">Krstarenje Dunavom<\/a><\/p>\n<p><a href=\"https:\/\/visitkladovo.rs\/\" target=\"_blank\" rel=\"noopener\" title=\"Visit Kladovo\">Visit Kladovo<\/a><\/p>\n<p><a href=\"https:\/\/hotelkladovo.rs\/wp\/wp-content\/uploads\/2025\/02\/1-OPSTI-USLOVI-PUTOVANJA-uskladeni-sa-ZOZP-bankarska-garancija.pdf\" target=\"_blank\" rel=\"noopener\" title=\"Op\u0161ti uslovi putovanja (pdf)\">Op\u0161ti uslovi putovanja<\/a><\/p>\n<p>[\/et_pb_text][et_pb_image src=&#8221;https:\/\/djerdapskarivijera.rs\/wp-content\/uploads\/2026\/03\/Baner-120&#215;100-atis.jpg&#8221; _builder_version=&#8221;4.27.4&#8243; _module_preset=&#8221;default&#8221; title_text=&#8221;Asocijacija Turisti\u010dke Industrije Srbije&#8221; url=&#8221;https:\/\/atis.rs\/&#8221; url_new_window=&#8221;on&#8221; hover_enabled=&#8221;0&#8243; sticky_enabled=&#8221;0&#8243;][\/et_pb_image][\/et_pb_column][et_pb_column type=&#8221;1_4&#8243; _builder_version=&#8221;4.16&#8243; global_colors_info=&#8221;{}&#8221;][et_pb_text _builder_version=&#8221;4.27.4&#8243; text_line_height=&#8221;1.8em&#8221; link_text_align=&#8221;left&#8221; link_text_color=&#8221;#ffffff&#8221; header_4_font=&#8221;Montserrat|700||on|||||&#8221; header_4_text_color=&#8221;rgba(255,255,255,0.5)&#8221; header_4_font_size=&#8221;14px&#8221; header_4_letter_spacing=&#8221;2px&#8221; header_4_line_height=&#8221;1.4em&#8221; background_layout=&#8221;dark&#8221; max_width=&#8221;600px&#8221; custom_margin=&#8221;5px||||false|false&#8221; custom_padding=&#8221;|7px||7px|false|true&#8221; locked=&#8221;off&#8221; global_colors_info=&#8221;{}&#8221;]<\/p>\n<h4>Info<\/h4>\n<p>Tel: +381 19 810810<\/p>\n<p>Mob 1: +381 64 820 7505<\/p>\n<p>Mob 2: +381 64 820 7507<\/p>\n<p>Email: <a href=\"mailto:info@djerdapskarivijera.rs\" target=\"_blank\" rel=\"noopener\" title=\"Pi\u0161ite nam\"><span id=\"account-name_info@djerdapskarivijera.rs\" class=\"account-name collapse-text\">info@djerdapskarivijera.rs<\/span><\/a><\/p>\n<p>[\/et_pb_text][\/et_pb_column][\/et_pb_row][\/et_pb_section]<\/p>\n","protected":false},"excerpt":{"rendered":"<p>Hotel Aquastar Danube KladovoKrstarenje DunavomHotel Aquamarine GolubacIstra\u017eite Kladovo i okolinu\u0110erdapska rivijera Na prostoru izme\u0111u Golupca i Kladova prostire se oblast nestvarnih prirodnih lepota i misti\u010dnog nasle\u0111a praistorijskih civilizacija. Otkrijte skrivene dragulje ovog kraja i istra\u017eite sve tajne mesta koja jednostavno ne smete propustiti!Linkovi Hotel Aquastar Danube Kladovo Krstarenje Dunavom Visit Kladovo Op\u0161ti uslovi putovanjaInfo Tel: [&hellip;]<\/p>\n","protected":false},"author":1,"featured_media":0,"parent":0,"menu_order":0,"comment_status":"closed","ping_status":"closed","template":"page-template-blank.php","meta":{"_et_pb_use_builder":"on","_et_pb_old_content":"","_et_gb_content_width":"","footnotes":""},"class_list":["post-15","page","type-page","status-publish","hentry"],"yoast_head":"<!-- This site is optimized with the Yoast SEO plugin v25.1 - https:\/\/yoast.com\/wordpress\/plugins\/seo\/ -->\n<title>Po\u010detna - Dobrodo\u0161li na \u0110erdapsku rivijeru!<\/title>\n<meta name=\"robots\" content=\"index, follow, max-snippet:-1, max-image-preview:large, max-video-preview:-1\" \/>\n<link rel=\"canonical\" href=\"https:\/\/djerdapskarivijera.rs\/\" \/>\n<meta property=\"og:locale\" content=\"en_US\" \/>\n<meta property=\"og:type\" content=\"article\" \/>\n<meta property=\"og:title\" content=\"Po\u010detna - Dobrodo\u0161li na \u0110erdapsku rivijeru!\" \/>\n<meta property=\"og:description\" content=\"Hotel Aquastar Danube KladovoKrstarenje DunavomHotel Aquamarine GolubacIstra\u017eite Kladovo i okolinu\u0110erdapska rivijera Na prostoru izme\u0111u Golupca i Kladova prostire se oblast nestvarnih prirodnih lepota i misti\u010dnog nasle\u0111a praistorijskih civilizacija. Otkrijte skrivene dragulje ovog kraja i istra\u017eite sve tajne mesta koja jednostavno ne smete propustiti!Linkovi Hotel Aquastar Danube Kladovo Krstarenje Dunavom Visit Kladovo Op\u0161ti uslovi putovanjaInfo Tel: [&hellip;]\" \/>\n<meta property=\"og:url\" content=\"https:\/\/djerdapskarivijera.rs\/\" \/>\n<meta property=\"og:site_name\" content=\"Dobrodo\u0161li na \u0110erdapsku rivijeru!\" \/>\n<meta property=\"article:modified_time\" content=\"2026-03-12T09:03:43+00:00\" \/>\n<meta name=\"twitter:card\" content=\"summary_large_image\" \/>\n<script type=\"application\/ld+json\" class=\"yoast-schema-graph\">{\"@context\":\"https:\/\/schema.org\",\"@graph\":[{\"@type\":\"WebPage\",\"@id\":\"https:\/\/djerdapskarivijera.rs\/\",\"url\":\"https:\/\/djerdapskarivijera.rs\/\",\"name\":\"Po\u010detna - Dobrodo\u0161li na \u0110erdapsku rivijeru!\",\"isPartOf\":{\"@id\":\"https:\/\/djerdapskarivijera.rs\/#website\"},\"datePublished\":\"2025-02-14T09:11:25+00:00\",\"dateModified\":\"2026-03-12T09:03:43+00:00\",\"breadcrumb\":{\"@id\":\"https:\/\/djerdapskarivijera.rs\/#breadcrumb\"},\"inLanguage\":\"en-US\",\"potentialAction\":[{\"@type\":\"ReadAction\",\"target\":[\"https:\/\/djerdapskarivijera.rs\/\"]}]},{\"@type\":\"BreadcrumbList\",\"@id\":\"https:\/\/djerdapskarivijera.rs\/#breadcrumb\",\"itemListElement\":[{\"@type\":\"ListItem\",\"position\":1,\"name\":\"Home\",\"item\":\"https:\/\/djerdapskarivijera.rs\/\"},{\"@type\":\"ListItem\",\"position\":2,\"name\":\"Po\u010detna\"}]},{\"@type\":\"WebSite\",\"@id\":\"https:\/\/djerdapskarivijera.rs\/#website\",\"url\":\"https:\/\/djerdapskarivijera.rs\/\",\"name\":\"Dobrodo\u0161li na \u0110erdapsku rivijeru!\",\"description\":\"\",\"potentialAction\":[{\"@type\":\"SearchAction\",\"target\":{\"@type\":\"EntryPoint\",\"urlTemplate\":\"https:\/\/djerdapskarivijera.rs\/?s={search_term_string}\"},\"query-input\":{\"@type\":\"PropertyValueSpecification\",\"valueRequired\":true,\"valueName\":\"search_term_string\"}}],\"inLanguage\":\"en-US\"}]}<\/script>\n<!-- \/ Yoast SEO plugin. -->","yoast_head_json":{"title":"Po\u010detna - Dobrodo\u0161li na \u0110erdapsku rivijeru!","robots":{"index":"index","follow":"follow","max-snippet":"max-snippet:-1","max-image-preview":"max-image-preview:large","max-video-preview":"max-video-preview:-1"},"canonical":"https:\/\/djerdapskarivijera.rs\/","og_locale":"en_US","og_type":"article","og_title":"Po\u010detna - Dobrodo\u0161li na \u0110erdapsku rivijeru!","og_description":"Hotel Aquastar Danube KladovoKrstarenje DunavomHotel Aquamarine GolubacIstra\u017eite Kladovo i okolinu\u0110erdapska rivijera Na prostoru izme\u0111u Golupca i Kladova prostire se oblast nestvarnih prirodnih lepota i misti\u010dnog nasle\u0111a praistorijskih civilizacija. Otkrijte skrivene dragulje ovog kraja i istra\u017eite sve tajne mesta koja jednostavno ne smete propustiti!Linkovi Hotel Aquastar Danube Kladovo Krstarenje Dunavom Visit Kladovo Op\u0161ti uslovi putovanjaInfo Tel: [&hellip;]","og_url":"https:\/\/djerdapskarivijera.rs\/","og_site_name":"Dobrodo\u0161li na \u0110erdapsku rivijeru!","article_modified_time":"2026-03-12T09:03:43+00:00","twitter_card":"summary_large_image","schema":{"@context":"https:\/\/schema.org","@graph":[{"@type":"WebPage","@id":"https:\/\/djerdapskarivijera.rs\/","url":"https:\/\/djerdapskarivijera.rs\/","name":"Po\u010detna - Dobrodo\u0161li na \u0110erdapsku rivijeru!","isPartOf":{"@id":"https:\/\/djerdapskarivijera.rs\/#website"},"datePublished":"2025-02-14T09:11:25+00:00","dateModified":"2026-03-12T09:03:43+00:00","breadcrumb":{"@id":"https:\/\/djerdapskarivijera.rs\/#breadcrumb"},"inLanguage":"en-US","potentialAction":[{"@type":"ReadAction","target":["https:\/\/djerdapskarivijera.rs\/"]}]},{"@type":"BreadcrumbList","@id":"https:\/\/djerdapskarivijera.rs\/#breadcrumb","itemListElement":[{"@type":"ListItem","position":1,"name":"Home","item":"https:\/\/djerdapskarivijera.rs\/"},{"@type":"ListItem","position":2,"name":"Po\u010detna"}]},{"@type":"WebSite","@id":"https:\/\/djerdapskarivijera.rs\/#website","url":"https:\/\/djerdapskarivijera.rs\/","name":"Dobrodo\u0161li na \u0110erdapsku rivijeru!","description":"","potentialAction":[{"@type":"SearchAction","target":{"@type":"EntryPoint","urlTemplate":"https:\/\/djerdapskarivijera.rs\/?s={search_term_string}"},"query-input":{"@type":"PropertyValueSpecification","valueRequired":true,"valueName":"search_term_string"}}],"inLanguage":"en-US"}]}},"_links":{"self":[{"href":"https:\/\/djerdapskarivijera.rs\/index.php?rest_route=\/wp\/v2\/pages\/15","targetHints":{"allow":["GET"]}}],"collection":[{"href":"https:\/\/djerdapskarivijera.rs\/index.php?rest_route=\/wp\/v2\/pages"}],"about":[{"href":"https:\/\/djerdapskarivijera.rs\/index.php?rest_route=\/wp\/v2\/types\/page"}],"author":[{"embeddable":true,"href":"https:\/\/djerdapskarivijera.rs\/index.php?rest_route=\/wp\/v2\/users\/1"}],"replies":[{"embeddable":true,"href":"https:\/\/djerdapskarivijera.rs\/index.php?rest_route=%2Fwp%2Fv2%2Fcomments&post=15"}],"version-history":[{"count":41,"href":"https:\/\/djerdapskarivijera.rs\/index.php?rest_route=\/wp\/v2\/pages\/15\/revisions"}],"predecessor-version":[{"id":173,"href":"https:\/\/djerdapskarivijera.rs\/index.php?rest_route=\/wp\/v2\/pages\/15\/revisions\/173"}],"wp:attachment":[{"href":"https:\/\/djerdapskarivijera.rs\/index.php?rest_route=%2Fwp%2Fv2%2Fmedia&parent=15"}],"curies":[{"name":"wp","href":"https:\/\/api.w.org\/{rel}","templated":true}]}}